{"id":9,"date":"2023-11-14T17:12:25","date_gmt":"2023-11-14T17:12:25","guid":{"rendered":"https:\/\/ludnuv.com\/?page_id=9"},"modified":"2024-07-18T18:59:41","modified_gmt":"2024-07-18T18:59:41","slug":"ludnuv01","status":"publish","type":"page","link":"https:\/\/ludnuv.com\/","title":{"rendered":"LudNuv01"},"content":{"rendered":"\t\t<div data-elementor-type=\"wp-page\" data-elementor-id=\"9\" class=\"elementor elementor-9\" data-elementor-post-type=\"page\">\n\t\t\t\t<div class=\"elementor-element elementor-element-ff6b695 e-flex e-con-boxed e-con e-parent\" data-id=\"ff6b695\" data-element_type=\"container\" data-settings=\"{&quot;background_background&quot;:&quot;gradient&quot;}\">\n\t\t\t\t\t<div class=\"e-con-inner\">\n\t\t\t\t<div class=\"elementor-element elementor-element-bde01d0 elementor-widget__width-initial elementor-widget elementor-widget-image\" data-id=\"bde01d0\" data-element_type=\"widget\" data-widget_type=\"image.default\">\n\t\t\t\t<div class=\"elementor-widget-container\">\n\t\t\t<style>\/*! elementor - v3.23.0 - 15-07-2024 *\/\n.elementor-widget-image{text-align:center}.elementor-widget-image a{display:inline-block}.elementor-widget-image a img[src$=\".svg\"]{width:48px}.elementor-widget-image img{vertical-align:middle;display:inline-block}<\/style>\t\t\t\t\t\t\t\t\t\t<img fetchpriority=\"high\" decoding=\"async\" width=\"800\" height=\"133\" src=\"https:\/\/ludnuv.com\/wp-content\/uploads\/2023\/11\/LudNuv.png\" class=\"attachment-large size-large wp-image-10\" alt=\"\" \/>\t\t\t\t\t\t\t\t\t\t\t\t\t<\/div>\n\t\t\t\t<\/div>\n\t\t\t\t<div class=\"elementor-element elementor-element-0a7de09 e-full e-n-menu-layout-horizontal e-n-menu-tablet elementor-widget elementor-widget-n-menu\" data-id=\"0a7de09\" data-element_type=\"widget\" data-settings=\"{&quot;content_width&quot;:&quot;full&quot;,&quot;menu_items&quot;:[{&quot;item_title&quot;:&quot;Filmes&quot;,&quot;_id&quot;:&quot;5074df1&quot;,&quot;item_link&quot;:{&quot;url&quot;:&quot;&quot;,&quot;is_external&quot;:&quot;&quot;,&quot;nofollow&quot;:&quot;&quot;,&quot;custom_attributes&quot;:&quot;&quot;},&quot;item_dropdown_content&quot;:&quot;no&quot;,&quot;item_icon&quot;:{&quot;value&quot;:&quot;&quot;,&quot;library&quot;:&quot;&quot;},&quot;item_icon_active&quot;:null,&quot;element_id&quot;:&quot;&quot;},{&quot;item_title&quot;:&quot;S\\u00e9ries&quot;,&quot;_id&quot;:&quot;c6d16f9&quot;,&quot;item_link&quot;:{&quot;url&quot;:&quot;&quot;,&quot;is_external&quot;:&quot;&quot;,&quot;nofollow&quot;:&quot;&quot;,&quot;custom_attributes&quot;:&quot;&quot;},&quot;item_dropdown_content&quot;:&quot;no&quot;,&quot;item_icon&quot;:{&quot;value&quot;:&quot;&quot;,&quot;library&quot;:&quot;&quot;},&quot;item_icon_active&quot;:null,&quot;element_id&quot;:&quot;&quot;},{&quot;item_title&quot;:&quot;Games&quot;,&quot;_id&quot;:&quot;6ebb9df&quot;,&quot;item_link&quot;:{&quot;url&quot;:&quot;&quot;,&quot;is_external&quot;:&quot;&quot;,&quot;nofollow&quot;:&quot;&quot;,&quot;custom_attributes&quot;:&quot;&quot;},&quot;item_dropdown_content&quot;:&quot;no&quot;,&quot;item_icon&quot;:{&quot;value&quot;:&quot;&quot;,&quot;library&quot;:&quot;&quot;},&quot;item_icon_active&quot;:null,&quot;element_id&quot;:&quot;&quot;},{&quot;_id&quot;:&quot;f484a7d&quot;,&quot;item_title&quot;:&quot;Livros&quot;,&quot;item_link&quot;:{&quot;url&quot;:&quot;&quot;,&quot;is_external&quot;:&quot;&quot;,&quot;nofollow&quot;:&quot;&quot;,&quot;custom_attributes&quot;:&quot;&quot;},&quot;item_dropdown_content&quot;:&quot;no&quot;,&quot;item_icon&quot;:{&quot;value&quot;:&quot;&quot;,&quot;library&quot;:&quot;&quot;},&quot;item_icon_active&quot;:null,&quot;element_id&quot;:&quot;&quot;}],&quot;item_position_horizontal&quot;:&quot;center&quot;,&quot;item_layout&quot;:&quot;horizontal&quot;,&quot;open_on&quot;:&quot;hover&quot;,&quot;open_animation&quot;:&quot;none&quot;,&quot;horizontal_scroll&quot;:&quot;disable&quot;,&quot;breakpoint_selector&quot;:&quot;tablet&quot;,&quot;menu_item_title_distance_from_content&quot;:{&quot;unit&quot;:&quot;px&quot;,&quot;size&quot;:0,&quot;sizes&quot;:[]},&quot;menu_item_title_distance_from_content_tablet&quot;:{&quot;unit&quot;:&quot;px&quot;,&quot;size&quot;:&quot;&quot;,&quot;sizes&quot;:[]},&quot;menu_item_title_distance_from_content_mobile&quot;:{&quot;unit&quot;:&quot;px&quot;,&quot;size&quot;:&quot;&quot;,&quot;sizes&quot;:[]}}\" data-widget_type=\"mega-menu.default\">\n\t\t\t\t<div class=\"elementor-widget-container\">\n\t\t\t<link rel=\"stylesheet\" href=\"https:\/\/ludnuv.com\/wp-content\/plugins\/elementor-pro\/assets\/css\/widget-mega-menu.min.css\">\t\t<nav class=\"e-n-menu\" data-widget-number=\"110\" aria-label=\"Menu | Open (Enter or Space) | Return (Escape) | Other Menu Items (Arrow, Home &amp; End Keys)\">\n\t\t\t\t\t<button class=\"e-n-menu-toggle\" id=\"menu-toggle-110\" aria-haspopup=\"true\" aria-expanded=\"false\" aria-controls=\"menubar-110\" aria-label=\"Menu Toggle | Open (Enter or Space) | Return (Escape)\">\n\t\t\t\t\t\t<span class=\"e-n-menu-toggle-icon e-open\">\n\t\t\t\t<svg class=\"e-font-icon-svg e-eicon-menu-bar\" viewBox=\"0 0 1000 1000\" xmlns=\"http:\/\/www.w3.org\/2000\/svg\"><path d=\"M104 333H896C929 333 958 304 958 271S929 208 896 208H104C71 208 42 237 42 271S71 333 104 333ZM104 583H896C929 583 958 554 958 521S929 458 896 458H104C71 458 42 487 42 521S71 583 104 583ZM104 833H896C929 833 958 804 958 771S929 708 896 708H104C71 708 42 737 42 771S71 833 104 833Z\"><\/path><\/svg>\t\t\t<\/span>\n\t\t\t\t\t\t<span class=\"e-n-menu-toggle-icon e-close\">\n\t\t\t\t<svg class=\"e-font-icon-svg e-eicon-close\" viewBox=\"0 0 1000 1000\" xmlns=\"http:\/\/www.w3.org\/2000\/svg\"><path d=\"M742 167L500 408 258 167C246 154 233 150 217 150 196 150 179 158 167 167 154 179 150 196 150 212 150 229 154 242 171 254L408 500 167 742C138 771 138 800 167 829 196 858 225 858 254 829L496 587 738 829C750 842 767 846 783 846 800 846 817 842 829 829 842 817 846 804 846 783 846 767 842 750 829 737L588 500 833 258C863 229 863 200 833 171 804 137 775 137 742 167Z\"><\/path><\/svg>\t\t\t<\/span>\n\t\t<\/button>\n\t\t\t\t\t<div class=\"e-n-menu-wrapper\" id=\"menubar-110\" aria-labelledby=\"menu-toggle-110\">\n\t\t\t\t<ul class=\"e-n-menu-heading\" role=\"menubar\">\n\t\t\t\t\t\t\t\t<li id=\"e-n-menu-title-1101\" class=\"e-n-menu-title\" role=\"presentation\" style=\"--n-menu-title-order: 1;\" >\n\t\t\t\t<div class=\"e-n-menu-title-container\">\n\t\t\t\t\t\t\t\t\t\t<span class=\"e-n-menu-title-text\">\t\t\t\t\t\tFilmes\t\t\t\t\t<\/span>\t\t\t\t\t\t\t\t\t<\/div>\n\t\t\t<\/li>\n\t\t\t\t\t<li id=\"e-n-menu-title-1102\" class=\"e-n-menu-title\" role=\"presentation\" style=\"--n-menu-title-order: 2;\" >\n\t\t\t\t<div class=\"e-n-menu-title-container\">\n\t\t\t\t\t\t\t\t\t\t<span class=\"e-n-menu-title-text\">\t\t\t\t\t\tS\u00e9ries\t\t\t\t\t<\/span>\t\t\t\t\t\t\t\t\t<\/div>\n\t\t\t<\/li>\n\t\t\t\t\t<li id=\"e-n-menu-title-1103\" class=\"e-n-menu-title\" role=\"presentation\" style=\"--n-menu-title-order: 3;\" >\n\t\t\t\t<div class=\"e-n-menu-title-container\">\n\t\t\t\t\t\t\t\t\t\t<span class=\"e-n-menu-title-text\">\t\t\t\t\t\tGames\t\t\t\t\t<\/span>\t\t\t\t\t\t\t\t\t<\/div>\n\t\t\t<\/li>\n\t\t\t\t\t<li id=\"e-n-menu-title-1104\" class=\"e-n-menu-title\" role=\"presentation\" style=\"--n-menu-title-order: 4;\" >\n\t\t\t\t<div class=\"e-n-menu-title-container\">\n\t\t\t\t\t\t\t\t\t\t<span class=\"e-n-menu-title-text\">\t\t\t\t\t\tLivros\t\t\t\t\t<\/span>\t\t\t\t\t\t\t\t\t<\/div>\n\t\t\t<\/li>\n\t\t\t\t\t\t<\/ul>\n\t\t\t\t<div class=\"e-n-menu-content\">\n\t\t\t\t\t\t\t\t\t<\/div>\n\t\t\t<\/div>\n\t\t<\/nav>\n\t\t\t\t<\/div>\n\t\t\t\t<\/div>\n\t\t\t\t<div class=\"elementor-element elementor-element-5fed4c5 elementor-view-default elementor-widget elementor-widget-icon\" data-id=\"5fed4c5\" data-element_type=\"widget\" data-widget_type=\"icon.default\">\n\t\t\t\t<div class=\"elementor-widget-container\">\n\t\t\t\t\t<div class=\"elementor-icon-wrapper\">\n\t\t\t<div class=\"elementor-icon\">\n\t\t\t<svg aria-hidden=\"true\" class=\"e-font-icon-svg e-fab-instagram\" viewBox=\"0 0 448 512\" xmlns=\"http:\/\/www.w3.org\/2000\/svg\"><path d=\"M224.1 141c-63.6 0-114.9 51.3-114.9 114.9s51.3 114.9 114.9 114.9S339 319.5 339 255.9 287.7 141 224.1 141zm0 189.6c-41.1 0-74.7-33.5-74.7-74.7s33.5-74.7 74.7-74.7 74.7 33.5 74.7 74.7-33.6 74.7-74.7 74.7zm146.4-194.3c0 14.9-12 26.8-26.8 26.8-14.9 0-26.8-12-26.8-26.8s12-26.8 26.8-26.8 26.8 12 26.8 26.8zm76.1 27.2c-1.7-35.9-9.9-67.7-36.2-93.9-26.2-26.2-58-34.4-93.9-36.2-37-2.1-147.9-2.1-184.9 0-35.8 1.7-67.6 9.9-93.9 36.1s-34.4 58-36.2 93.9c-2.1 37-2.1 147.9 0 184.9 1.7 35.9 9.9 67.7 36.2 93.9s58 34.4 93.9 36.2c37 2.1 147.9 2.1 184.9 0 35.9-1.7 67.7-9.9 93.9-36.2 26.2-26.2 34.4-58 36.2-93.9 2.1-37 2.1-147.8 0-184.8zM398.8 388c-7.8 19.6-22.9 34.7-42.6 42.6-29.5 11.7-99.5 9-132.1 9s-102.7 2.6-132.1-9c-19.6-7.8-34.7-22.9-42.6-42.6-11.7-29.5-9-99.5-9-132.1s-2.6-102.7 9-132.1c7.8-19.6 22.9-34.7 42.6-42.6 29.5-11.7 99.5-9 132.1-9s102.7-2.6 132.1 9c19.6 7.8 34.7 22.9 42.6 42.6 11.7 29.5 9 99.5 9 132.1s2.7 102.7-9 132.1z\"><\/path><\/svg>\t\t\t<\/div>\n\t\t<\/div>\n\t\t\t\t<\/div>\n\t\t\t\t<\/div>\n\t\t\t\t\t<\/div>\n\t\t\t\t<\/div>\n\t\t<div class=\"elementor-element elementor-element-141f499 e-flex e-con-boxed e-con e-parent\" data-id=\"141f499\" data-element_type=\"container\" data-settings=\"{&quot;background_background&quot;:&quot;classic&quot;}\">\n\t\t\t\t\t<div class=\"e-con-inner\">\n\t\t\t\t<div class=\"elementor-element elementor-element-2b5ccea elementor-widget elementor-widget-heading\" data-id=\"2b5ccea\" data-element_type=\"widget\" data-widget_type=\"heading.default\">\n\t\t\t\t<div class=\"elementor-widget-container\">\n\t\t\t<style>\/*! elementor - v3.23.0 - 15-07-2024 *\/\n.elementor-heading-title{padding:0;margin:0;line-height:1}.elementor-widget-heading .elementor-heading-title[class*=elementor-size-]>a{color:inherit;font-size:inherit;line-height:inherit}.elementor-widget-heading .elementor-heading-title.elementor-size-small{font-size:15px}.elementor-widget-heading .elementor-heading-title.elementor-size-medium{font-size:19px}.elementor-widget-heading .elementor-heading-title.elementor-size-large{font-size:29px}.elementor-widget-heading .elementor-heading-title.elementor-size-xl{font-size:39px}.elementor-widget-heading .elementor-heading-title.elementor-size-xxl{font-size:59px}<\/style><h2 class=\"elementor-heading-title elementor-size-default\"><b>Destaques: <b> Novo filme da Linha do tempo \u00e9 anunciado<\/h2>\t\t<\/div>\n\t\t\t\t<\/div>\n\t\t\t\t\t<\/div>\n\t\t\t\t<\/div>\n\t\t<div class=\"elementor-element elementor-element-756c83f e-flex e-con-boxed e-con e-parent\" data-id=\"756c83f\" data-element_type=\"container\" data-settings=\"{&quot;background_background&quot;:&quot;gradient&quot;}\">\n\t\t\t\t\t<div class=\"e-con-inner\">\n\t\t<div class=\"elementor-element elementor-element-f8cb1b1 e-con-full e-flex e-con e-child\" data-id=\"f8cb1b1\" data-element_type=\"container\">\n\t\t\t\t<div class=\"elementor-element elementor-element-9a5c69a elementor-grid-3 elementor-grid-tablet-2 elementor-grid-mobile-1 elementor-posts--thumbnail-top elementor-card-shadow-yes elementor-posts__hover-gradient elementor-widget elementor-widget-posts\" data-id=\"9a5c69a\" data-element_type=\"widget\" data-settings=\"{&quot;cards_columns&quot;:&quot;3&quot;,&quot;cards_columns_tablet&quot;:&quot;2&quot;,&quot;cards_columns_mobile&quot;:&quot;1&quot;,&quot;cards_row_gap&quot;:{&quot;unit&quot;:&quot;px&quot;,&quot;size&quot;:35,&quot;sizes&quot;:[]},&quot;cards_row_gap_tablet&quot;:{&quot;unit&quot;:&quot;px&quot;,&quot;size&quot;:&quot;&quot;,&quot;sizes&quot;:[]},&quot;cards_row_gap_mobile&quot;:{&quot;unit&quot;:&quot;px&quot;,&quot;size&quot;:&quot;&quot;,&quot;sizes&quot;:[]}}\" data-widget_type=\"posts.cards\">\n\t\t\t\t<div class=\"elementor-widget-container\">\n\t\t\t<link rel=\"stylesheet\" href=\"https:\/\/ludnuv.com\/wp-content\/plugins\/elementor-pro\/assets\/css\/widget-posts.min.css\">\t\t<div class=\"elementor-posts-container elementor-posts elementor-posts--skin-cards elementor-grid\">\n\t\t\t\t<article class=\"elementor-post elementor-grid-item post-217 post type-post status-publish format-standard has-post-thumbnail hentry category-blog\">\n\t\t\t<div class=\"elementor-post__card\">\n\t\t\t\t<a class=\"elementor-post__thumbnail__link\" href=\"https:\/\/ludnuv.com\/index.php\/2024\/07\/30\/a-fascinante-jornada-de-estudar-historia-atraves-dos-filmes\/\" tabindex=\"-1\" ><div class=\"elementor-post__thumbnail\"><img decoding=\"async\" width=\"768\" height=\"430\" src=\"https:\/\/ludnuv.com\/wp-content\/uploads\/2024\/07\/11875.jpg\" class=\"attachment-medium_large size-medium_large wp-image-218\" alt=\"\" \/><\/div><\/a>\n\t\t\t\t<div class=\"elementor-post__text\">\n\t\t\t\t<h3 class=\"elementor-post__title\">\n\t\t\t<a href=\"https:\/\/ludnuv.com\/index.php\/2024\/07\/30\/a-fascinante-jornada-de-estudar-historia-atraves-dos-filmes\/\" >\n\t\t\t\tA Fascinante Jornada de Estudar Hist\u00f3ria Atrav\u00e9s dos Filmes\t\t\t<\/a>\n\t\t<\/h3>\n\t\t\t\t<\/div>\n\t\t\t\t<div class=\"elementor-post__meta-data\">\n\t\t\t\t\t<span class=\"elementor-post-date\">\n\t\t\tjulho 30, 2024\t\t<\/span>\n\t\t\t\t<\/div>\n\t\t\t\t\t<\/div>\n\t\t<\/article>\n\t\t\t\t<article class=\"elementor-post elementor-grid-item post-188 post type-post status-publish format-standard has-post-thumbnail hentry category-blog category-filmografia\">\n\t\t\t<div class=\"elementor-post__card\">\n\t\t\t\t<a class=\"elementor-post__thumbnail__link\" href=\"https:\/\/ludnuv.com\/index.php\/2024\/07\/21\/missao-impossivel-1-resumo-e-critica-do-filme\/\" tabindex=\"-1\" ><div class=\"elementor-post__thumbnail\"><img decoding=\"async\" width=\"768\" height=\"1024\" src=\"https:\/\/ludnuv.com\/wp-content\/uploads\/2024\/07\/mission_imposssible_1.jpg\" class=\"attachment-medium_large size-medium_large wp-image-190\" alt=\"Miss\u00e3o Imposs\u00edvel 1\" \/><\/div><\/a>\n\t\t\t\t<div class=\"elementor-post__text\">\n\t\t\t\t<h3 class=\"elementor-post__title\">\n\t\t\t<a href=\"https:\/\/ludnuv.com\/index.php\/2024\/07\/21\/missao-impossivel-1-resumo-e-critica-do-filme\/\" >\n\t\t\t\tMiss\u00e3o Imposs\u00edvel 1: resumo e cr\u00edtica do filme\t\t\t<\/a>\n\t\t<\/h3>\n\t\t\t\t<\/div>\n\t\t\t\t<div class=\"elementor-post__meta-data\">\n\t\t\t\t\t<span class=\"elementor-post-date\">\n\t\t\tjulho 21, 2024\t\t<\/span>\n\t\t\t\t<\/div>\n\t\t\t\t\t<\/div>\n\t\t<\/article>\n\t\t\t\t<article class=\"elementor-post elementor-grid-item post-171 post type-post status-publish format-standard has-post-thumbnail hentry category-blog\">\n\t\t\t<div class=\"elementor-post__card\">\n\t\t\t\t<a class=\"elementor-post__thumbnail__link\" href=\"https:\/\/ludnuv.com\/index.php\/2023\/12\/29\/10-000-a-c-critica-do-filme\/\" tabindex=\"-1\" ><div class=\"elementor-post__thumbnail\"><img loading=\"lazy\" decoding=\"async\" width=\"768\" height=\"384\" src=\"https:\/\/ludnuv.com\/wp-content\/uploads\/2023\/12\/10000BC_banner.png\" class=\"attachment-medium_large size-medium_large wp-image-173\" alt=\"10.000 a.C.\" \/><\/div><\/a>\n\t\t\t\t<div class=\"elementor-post__text\">\n\t\t\t\t<h3 class=\"elementor-post__title\">\n\t\t\t<a href=\"https:\/\/ludnuv.com\/index.php\/2023\/12\/29\/10-000-a-c-critica-do-filme\/\" >\n\t\t\t\t10.000 a.C. &#8211; Cr\u00edtica do filme\t\t\t<\/a>\n\t\t<\/h3>\n\t\t\t\t<\/div>\n\t\t\t\t<div class=\"elementor-post__meta-data\">\n\t\t\t\t\t<span class=\"elementor-post-date\">\n\t\t\tdezembro 29, 2023\t\t<\/span>\n\t\t\t\t<\/div>\n\t\t\t\t\t<\/div>\n\t\t<\/article>\n\t\t\t\t<article class=\"elementor-post elementor-grid-item post-158 post type-post status-publish format-standard has-post-thumbnail hentry category-blog\">\n\t\t\t<div class=\"elementor-post__card\">\n\t\t\t\t<a class=\"elementor-post__thumbnail__link\" href=\"https:\/\/ludnuv.com\/index.php\/2023\/12\/10\/65-ameaca-pre-historica-vale-a-pena-assistir\/\" tabindex=\"-1\" ><div class=\"elementor-post__thumbnail\"><img loading=\"lazy\" decoding=\"async\" width=\"768\" height=\"384\" src=\"https:\/\/ludnuv.com\/wp-content\/uploads\/2023\/12\/65_final.png\" class=\"attachment-medium_large size-medium_large wp-image-159\" alt=\"65 Amea\u00e7a Pr\u00e9-Hist\u00f3rica\" \/><\/div><\/a>\n\t\t\t\t<div class=\"elementor-post__text\">\n\t\t\t\t<h3 class=\"elementor-post__title\">\n\t\t\t<a href=\"https:\/\/ludnuv.com\/index.php\/2023\/12\/10\/65-ameaca-pre-historica-vale-a-pena-assistir\/\" >\n\t\t\t\t65 Amea\u00e7a Pr\u00e9-Hist\u00f3rica &#8211; Vale a pena assistir?\t\t\t<\/a>\n\t\t<\/h3>\n\t\t\t\t<\/div>\n\t\t\t\t<div class=\"elementor-post__meta-data\">\n\t\t\t\t\t<span class=\"elementor-post-date\">\n\t\t\tdezembro 10, 2023\t\t<\/span>\n\t\t\t\t<\/div>\n\t\t\t\t\t<\/div>\n\t\t<\/article>\n\t\t\t\t<article class=\"elementor-post elementor-grid-item post-107 post type-post status-publish format-standard has-post-thumbnail hentry category-blog\">\n\t\t\t<div class=\"elementor-post__card\">\n\t\t\t\t<a class=\"elementor-post__thumbnail__link\" href=\"https:\/\/ludnuv.com\/index.php\/2023\/12\/05\/filmes-linha-do-tempo-a-nova-serie-da-ludnuv-filmes\/\" tabindex=\"-1\" ><div class=\"elementor-post__thumbnail\"><img loading=\"lazy\" decoding=\"async\" width=\"768\" height=\"384\" src=\"https:\/\/ludnuv.com\/wp-content\/uploads\/2023\/12\/LinhaTempo.jpg\" class=\"attachment-medium_large size-medium_large wp-image-119\" alt=\"Filmes Linha do Tempo\" \/><\/div><\/a>\n\t\t\t\t<div class=\"elementor-post__text\">\n\t\t\t\t<h3 class=\"elementor-post__title\">\n\t\t\t<a href=\"https:\/\/ludnuv.com\/index.php\/2023\/12\/05\/filmes-linha-do-tempo-a-nova-serie-da-ludnuv-filmes\/\" >\n\t\t\t\tFilmes Linha do Tempo &#8211; A nova s\u00e9rie da LudNuv Filmes\t\t\t<\/a>\n\t\t<\/h3>\n\t\t\t\t<\/div>\n\t\t\t\t<div class=\"elementor-post__meta-data\">\n\t\t\t\t\t<span class=\"elementor-post-date\">\n\t\t\tdezembro 5, 2023\t\t<\/span>\n\t\t\t\t<\/div>\n\t\t\t\t\t<\/div>\n\t\t<\/article>\n\t\t\t\t<\/div>\n\t\t\n\t\t\t\t<\/div>\n\t\t\t\t<\/div>\n\t\t\t\t<\/div>\n\t\t\t\t\t<\/div>\n\t\t\t\t<\/div>\n\t\t\t\t<\/div>\n\t\t","protected":false},"excerpt":{"rendered":"<p>Filmes S\u00e9ries Games Livros Destaques: Novo filme da Linha do tempo \u00e9 anunciado<\/p>\n","protected":false},"author":1,"featured_media":0,"parent":0,"menu_order":0,"comment_status":"closed","ping_status":"closed","template":"elementor_canvas","meta":{"_monsterinsights_skip_tracking":false,"_monsterinsights_sitenote_active":false,"_monsterinsights_sitenote_note":"","_monsterinsights_sitenote_category":0,"footnotes":""},"yoast_head":"<!-- This site is optimized with the Yoast SEO plugin v21.5 - https:\/\/yoast.com\/wordpress\/plugins\/seo\/ -->\n<title>LudNuv01 - LudNuv<\/title>\n<meta name=\"robots\" content=\"index, follow, max-snippet:-1, max-image-preview:large, max-video-preview:-1\" \/>\n<link rel=\"canonical\" href=\"https:\/\/ludnuv.com\/\" \/>\n<meta property=\"og:locale\" content=\"pt_BR\" \/>\n<meta property=\"og:type\" content=\"article\" \/>\n<meta property=\"og:title\" content=\"LudNuv01 - LudNuv\" \/>\n<meta property=\"og:description\" content=\"Filmes S\u00e9ries Games Livros Destaques: Novo filme da Linha do tempo \u00e9 anunciado\" \/>\n<meta property=\"og:url\" content=\"https:\/\/ludnuv.com\/\" \/>\n<meta property=\"og:site_name\" content=\"LudNuv\" \/>\n<meta property=\"article:modified_time\" content=\"2024-07-18T18:59:41+00:00\" \/>\n<meta property=\"og:image\" content=\"https:\/\/ludnuv.com\/wp-content\/uploads\/2023\/11\/LudNuv.png\" \/>\n<meta name=\"twitter:card\" content=\"summary_large_image\" \/>\n<meta name=\"twitter:label1\" content=\"Est. tempo de leitura\" \/>\n\t<meta name=\"twitter:data1\" content=\"2 minutos\" \/>\n<script type=\"application\/ld+json\" class=\"yoast-schema-graph\">{\"@context\":\"https:\/\/schema.org\",\"@graph\":[{\"@type\":\"WebPage\",\"@id\":\"https:\/\/ludnuv.com\/\",\"url\":\"https:\/\/ludnuv.com\/\",\"name\":\"LudNuv01 - LudNuv\",\"isPartOf\":{\"@id\":\"https:\/\/ludnuv.com\/#website\"},\"datePublished\":\"2023-11-14T17:12:25+00:00\",\"dateModified\":\"2024-07-18T18:59:41+00:00\",\"breadcrumb\":{\"@id\":\"https:\/\/ludnuv.com\/#breadcrumb\"},\"inLanguage\":\"pt-BR\",\"potentialAction\":[{\"@type\":\"ReadAction\",\"target\":[\"https:\/\/ludnuv.com\/\"]}]},{\"@type\":\"BreadcrumbList\",\"@id\":\"https:\/\/ludnuv.com\/#breadcrumb\",\"itemListElement\":[{\"@type\":\"ListItem\",\"position\":1,\"name\":\"Home\",\"item\":\"https:\/\/ludnuv.com\/\"},{\"@type\":\"ListItem\",\"position\":2,\"name\":\"LudNuv01\"}]},{\"@type\":\"WebSite\",\"@id\":\"https:\/\/ludnuv.com\/#website\",\"url\":\"https:\/\/ludnuv.com\/\",\"name\":\"LudNuv\",\"description\":\"Sua L\u00fadica Nuvem\",\"publisher\":{\"@id\":\"https:\/\/ludnuv.com\/#organization\"},\"potentialAction\":[{\"@type\":\"SearchAction\",\"target\":{\"@type\":\"EntryPoint\",\"urlTemplate\":\"https:\/\/ludnuv.com\/?s={search_term_string}\"},\"query-input\":\"required name=search_term_string\"}],\"inLanguage\":\"pt-BR\"},{\"@type\":\"Organization\",\"@id\":\"https:\/\/ludnuv.com\/#organization\",\"name\":\"LudNuv\",\"url\":\"https:\/\/ludnuv.com\/\",\"logo\":{\"@type\":\"ImageObject\",\"inLanguage\":\"pt-BR\",\"@id\":\"https:\/\/ludnuv.com\/#\/schema\/logo\/image\/\",\"url\":\"https:\/\/ludnuv.com\/wp-content\/uploads\/2023\/11\/LudNuv.png\",\"contentUrl\":\"https:\/\/ludnuv.com\/wp-content\/uploads\/2023\/11\/LudNuv.png\",\"width\":1295,\"height\":215,\"caption\":\"LudNuv\"},\"image\":{\"@id\":\"https:\/\/ludnuv.com\/#\/schema\/logo\/image\/\"},\"sameAs\":[\"https:\/\/www.instagram.com\/ludnuv\/\"]}]}<\/script>\n<!-- \/ Yoast SEO plugin. -->","yoast_head_json":{"title":"LudNuv01 - LudNuv","robots":{"index":"index","follow":"follow","max-snippet":"max-snippet:-1","max-image-preview":"max-image-preview:large","max-video-preview":"max-video-preview:-1"},"canonical":"https:\/\/ludnuv.com\/","og_locale":"pt_BR","og_type":"article","og_title":"LudNuv01 - LudNuv","og_description":"Filmes S\u00e9ries Games Livros Destaques: Novo filme da Linha do tempo \u00e9 anunciado","og_url":"https:\/\/ludnuv.com\/","og_site_name":"LudNuv","article_modified_time":"2024-07-18T18:59:41+00:00","og_image":[{"url":"https:\/\/ludnuv.com\/wp-content\/uploads\/2023\/11\/LudNuv.png"}],"twitter_card":"summary_large_image","twitter_misc":{"Est. tempo de leitura":"2 minutos"},"schema":{"@context":"https:\/\/schema.org","@graph":[{"@type":"WebPage","@id":"https:\/\/ludnuv.com\/","url":"https:\/\/ludnuv.com\/","name":"LudNuv01 - LudNuv","isPartOf":{"@id":"https:\/\/ludnuv.com\/#website"},"datePublished":"2023-11-14T17:12:25+00:00","dateModified":"2024-07-18T18:59:41+00:00","breadcrumb":{"@id":"https:\/\/ludnuv.com\/#breadcrumb"},"inLanguage":"pt-BR","potentialAction":[{"@type":"ReadAction","target":["https:\/\/ludnuv.com\/"]}]},{"@type":"BreadcrumbList","@id":"https:\/\/ludnuv.com\/#breadcrumb","itemListElement":[{"@type":"ListItem","position":1,"name":"Home","item":"https:\/\/ludnuv.com\/"},{"@type":"ListItem","position":2,"name":"LudNuv01"}]},{"@type":"WebSite","@id":"https:\/\/ludnuv.com\/#website","url":"https:\/\/ludnuv.com\/","name":"LudNuv","description":"Sua L\u00fadica Nuvem","publisher":{"@id":"https:\/\/ludnuv.com\/#organization"},"potentialAction":[{"@type":"SearchAction","target":{"@type":"EntryPoint","urlTemplate":"https:\/\/ludnuv.com\/?s={search_term_string}"},"query-input":"required name=search_term_string"}],"inLanguage":"pt-BR"},{"@type":"Organization","@id":"https:\/\/ludnuv.com\/#organization","name":"LudNuv","url":"https:\/\/ludnuv.com\/","logo":{"@type":"ImageObject","inLanguage":"pt-BR","@id":"https:\/\/ludnuv.com\/#\/schema\/logo\/image\/","url":"https:\/\/ludnuv.com\/wp-content\/uploads\/2023\/11\/LudNuv.png","contentUrl":"https:\/\/ludnuv.com\/wp-content\/uploads\/2023\/11\/LudNuv.png","width":1295,"height":215,"caption":"LudNuv"},"image":{"@id":"https:\/\/ludnuv.com\/#\/schema\/logo\/image\/"},"sameAs":["https:\/\/www.instagram.com\/ludnuv\/"]}]}},"_links":{"self":[{"href":"https:\/\/ludnuv.com\/index.php\/wp-json\/wp\/v2\/pages\/9"}],"collection":[{"href":"https:\/\/ludnuv.com\/index.php\/wp-json\/wp\/v2\/pages"}],"about":[{"href":"https:\/\/ludnuv.com\/index.php\/wp-json\/wp\/v2\/types\/page"}],"author":[{"embeddable":true,"href":"https:\/\/ludnuv.com\/index.php\/wp-json\/wp\/v2\/users\/1"}],"replies":[{"embeddable":true,"href":"https:\/\/ludnuv.com\/index.php\/wp-json\/wp\/v2\/comments?post=9"}],"version-history":[{"count":72,"href":"https:\/\/ludnuv.com\/index.php\/wp-json\/wp\/v2\/pages\/9\/revisions"}],"predecessor-version":[{"id":201,"href":"https:\/\/ludnuv.com\/index.php\/wp-json\/wp\/v2\/pages\/9\/revisions\/201"}],"wp:attachment":[{"href":"https:\/\/ludnuv.com\/index.php\/wp-json\/wp\/v2\/media?parent=9"}],"curies":[{"name":"wp","href":"https:\/\/api.w.org\/{rel}","templated":true}]}}